{"id":6,"date":"2016-07-26T12:09:14","date_gmt":"2016-07-26T12:09:14","guid":{"rendered":"http:\/\/cosladasmartlogistics.industriales.upm.es\/?page_id=6"},"modified":"2016-12-31T17:06:32","modified_gmt":"2016-12-31T17:06:32","slug":"coslada-smart-city-logistics","status":"publish","type":"page","link":"http:\/\/cosladasmartlogistics.industriales.upm.es\/","title":{"rendered":"Coslada Smart Logistics Competition"},"content":{"rendered":"<p><span style=\"color: #ff0000;\"><strong><span style=\"color: #990000;\"><img loading=\"lazy\" decoding=\"async\" class=\"wp-image-299 alignleft\" src=\"http:\/\/cosladasmartlogistics.industriales.upm.es\/wp-content\/uploads\/2016\/07\/Bombilla_sin_fondo.png\" alt=\"Bombilla_sin_fondo\" width=\"115\" height=\"115\" srcset=\"http:\/\/cosladasmartlogistics.industriales.upm.es\/wp-content\/uploads\/2016\/07\/Bombilla_sin_fondo.png 500w, http:\/\/cosladasmartlogistics.industriales.upm.es\/wp-content\/uploads\/2016\/07\/Bombilla_sin_fondo-150x150.png 150w, http:\/\/cosladasmartlogistics.industriales.upm.es\/wp-content\/uploads\/2016\/07\/Bombilla_sin_fondo-300x300.png 300w, http:\/\/cosladasmartlogistics.industriales.upm.es\/wp-content\/uploads\/2016\/07\/Bombilla_sin_fondo-330x330.png 330w, http:\/\/cosladasmartlogistics.industriales.upm.es\/wp-content\/uploads\/2016\/07\/Bombilla_sin_fondo-96x96.png 96w, http:\/\/cosladasmartlogistics.industriales.upm.es\/wp-content\/uploads\/2016\/07\/Bombilla_sin_fondo-192x192.png 192w\" sizes=\"auto, (max-width: 115px) 100vw, 115px\" \/><\/span><\/strong><\/span><b><\/b><\/p>\n<p>The Coslada Smart Logistic Competition is proud to announce the winners of the Smart Cities and Logistics competition:<\/p>\n<p>&nbsp;<\/p>\n<ul>\n<li>3.000\u20ac: Control de acceso Inteligente al recinto.<\/li>\n<li>1.000\u20ac: Smart Coslada Special Parking Areas (SCSPA).<\/li>\n<li>300\u20ac: Smart Coslada.<\/li>\n<li>100\u20ac: Smart Tube.<\/li>\n<li>100\u20ac: UrbanBees.<\/li>\n<li>100\u20ac: Coslada FreePollution.<\/li>\n<li>100\u20ac:\u00a0Optimizaci\u00f3n de ruteo de ciclo v\u00edas y ubicaci\u00f3n de aparcamientos de costo m\u00ednimo.<\/li>\n<li>100\u20ac: Flexible Car.<\/li>\n<li>100\u20ac: Green Lights.<\/li>\n<li>100\u20ac: Smart traffic lights.<\/li>\n<\/ul>\n<p>The date and place of the awards ceremony will be announced as soon as possible via web and mail.<\/p>\n<p>Thank you very much and congratulations to the winners, it has been a pleasure reading and evaluating your ideas!<\/p>\n","protected":false},"excerpt":{"rendered":"<p>The Coslada Smart Logistic Competition is proud to announce the winners of the Smart Cities and Logistics competition: &nbsp; 3.000\u20ac: Control de acceso Inteligente al recinto. 1.000\u20ac: Smart Coslada Special Parking Areas (SCSPA). 300\u20ac: Smart Coslada. 100\u20ac: Smart Tube. 100\u20ac: UrbanBees. 100\u20ac: Coslada FreePollution. 100\u20ac:\u00a0Optimizaci\u00f3n de ruteo de ciclo v\u00edas y ubicaci\u00f3n de aparcamientos de &hellip; <a href=\"http:\/\/cosladasmartlogistics.industriales.upm.es\/\" class=\"more-link\">Continue reading <span class=\"screen-reader-text\">Coslada Smart Logistics Competition<\/span><\/a><\/p>\n","protected":false},"author":1,"featured_media":0,"parent":0,"menu_order":0,"comment_status":"closed","ping_status":"closed","template":"page-templates\/front-page.php","meta":{"spay_email":"","footnotes":""},"class_list":["post-6","page","type-page","status-publish","hentry"],"jetpack_sharing_enabled":true,"jetpack_shortlink":"https:\/\/wp.me\/P805YK-6","_links":{"self":[{"href":"http:\/\/cosladasmartlogistics.industriales.upm.es\/index.php\/wp-json\/wp\/v2\/pages\/6","targetHints":{"allow":["GET"]}}],"collection":[{"href":"http:\/\/cosladasmartlogistics.industriales.upm.es\/index.php\/wp-json\/wp\/v2\/pages"}],"about":[{"href":"http:\/\/cosladasmartlogistics.industriales.upm.es\/index.php\/wp-json\/wp\/v2\/types\/page"}],"author":[{"embeddable":true,"href":"http:\/\/cosladasmartlogistics.industriales.upm.es\/index.php\/wp-json\/wp\/v2\/users\/1"}],"replies":[{"embeddable":true,"href":"http:\/\/cosladasmartlogistics.industriales.upm.es\/index.php\/wp-json\/wp\/v2\/comments?post=6"}],"version-history":[{"count":72,"href":"http:\/\/cosladasmartlogistics.industriales.upm.es\/index.php\/wp-json\/wp\/v2\/pages\/6\/revisions"}],"predecessor-version":[{"id":366,"href":"http:\/\/cosladasmartlogistics.industriales.upm.es\/index.php\/wp-json\/wp\/v2\/pages\/6\/revisions\/366"}],"wp:attachment":[{"href":"http:\/\/cosladasmartlogistics.industriales.upm.es\/index.php\/wp-json\/wp\/v2\/media?parent=6"}],"curies":[{"name":"wp","href":"https:\/\/api.w.org\/{rel}","templated":true}]}}